{"id":61,"date":"2015-03-02T04:38:49","date_gmt":"2015-03-02T04:38:49","guid":{"rendered":"http:\/\/structure.thememove.com\/01\/?page_id=61"},"modified":"2015-11-09T22:16:21","modified_gmt":"2015-11-09T22:16:21","slug":"about-us","status":"publish","type":"page","link":"https:\/\/lightmoxion.com\/index.php\/about-us","title":{"rendered":"Soluciones"},"content":{"rendered":"<p>[vc_row row_type=&#8221;row&#8221; type=&#8221;grid&#8221; video=&#8221;&#8221; video_webm=&#8221;&#8221; video_mp4=&#8221;&#8221; video_ogv=&#8221;&#8221; background_image=&#8221;&#8221; parallax_speed=&#8221;&#8221; background_color=&#8221;&#8221;][vc_column width=&#8221;1\/1&#8243;][vc_column_text css_animation=&#8221;&#8221; css=&#8221;.vc_custom_1433972770008{margin-bottom: 60px !important;}&#8221;]<\/p>\n<h4><span style=\"color: #212d42;\">Nuestras soluciones incorporan los siguientes servicios y distintivos para los sectores Industrial, sector comercial, edificios corporativos, sector residencial y sector de entretenimiento, bajo la modalidad llave en mano.<\/span><\/h4>\n<p><span style=\"color: #212d42;\"> \u00a0<\/span><\/p>\n<h2 style=\"text-align: left;\"><span style=\"color: #212d42;\">A nivel dise\u00f1o y especificaci\u00f3n:<\/span><\/h2>\n<p><span style=\"color: #212d42;\">\u2611\u00a0Evaluaci\u00f3n de diferentes proveedores \/ marcas y tecnolog\u00edas de acuerdo al tipo de aplicaci\u00f3n.<\/span><br \/>\n<span style=\"color: #212d42;\">\u2611\u00a0Aplicaci\u00f3n de la normatividad vigente.<\/span><br \/>\n<span style=\"color: #212d42;\">\u2611\u00a0Correcto balance entre niveles de iluminaci\u00f3n y densidad de potencia el\u00e9ctrica.<\/span><br \/>\n<span style=\"color: #212d42;\">\u2611\u00a0Realizaci\u00f3n de simulaciones, renders y reportes.<\/span><br \/>\n<span style=\"color: #212d42;\">\u2611\u00a0Elaboraci\u00f3n de planos el\u00e9ctricos<\/span><br \/>\n<span style=\"color: #212d42;\">\u2611\u00a0Elaboraci\u00f3n de ingenier\u00edas, cat\u00e1logo de conceptos y cronogramas.<\/span><br \/>\n<span style=\"color: #212d42;\">\u2611\u00a0Alta eficiencia energ\u00e9tica en combinaci\u00f3n con bajos costos de mantenimiento.<\/span><br \/>\n<span style=\"color: #212d42;\">\u2611\u00a0Tecnolog\u00edas y sistemas de control compatibles y de larga permanencia.<\/span><br \/>\n<span style=\"color: #212d42;\">\u2611\u00a0Iluminaci\u00f3n dise\u00f1ada con un enfoque comercial que favorezcan el incremento de ventas mediante la percepci\u00f3n psicol\u00f3gica de la luz. (Sector Comercial).<\/span><br \/>\n<span style=\"color: #212d42;\">\u2611\u00a0Amplia gama de opciones para diferentes aplicaciones y necesidades.<\/span><\/p>\n<h2 style=\"text-align: left;\"><span style=\"color: #212d42;\">A nivel Instalaci\u00f3n:<\/span><\/h2>\n<p><span style=\"color: #212d42;\">\u2611\u00a0Evaluaci\u00f3n de la calidad de la energ\u00eda de los circuitos el\u00e9ctricos en iluminaci\u00f3n, previo a la realizaci\u00f3n de cualquier instalaci\u00f3n.<\/span><br \/>\n<span style=\"color: #212d42;\">\u2611\u00a0Detecci\u00f3n y correcci\u00f3n de problemas el\u00e9ctricos previos a la realizaci\u00f3n de cualquier instalaci\u00f3n.<\/span><br \/>\n<span style=\"color: #212d42;\">\u2611\u00a0Procura de los productos y materiales requeridos.<\/span><br \/>\n<span style=\"color: #212d42;\">\u2611\u00a0Mano de obra especializada.<\/span><br \/>\n<span style=\"color: #212d42;\">\u2611\u00a0Instalaci\u00f3n de acuerdo a normas del sector el\u00e9ctrico.<\/span><br \/>\n<span style=\"color: #212d42;\">\u2611\u00a0Confinamiento de l\u00e1mparas, luminarios, balastros y dem\u00e1s accesorios a reemplazar.<\/span><\/p>\n<h2 style=\"text-align: left;\"><span style=\"color: #212d42;\">Capacitaci\u00f3n a los administradores de la soluci\u00f3n y a usuarios finales<\/span><\/h2>\n<p>[\/vc_column_text][vc_separator align=&#8221;align_center&#8221; border_width=&#8221;10&#8243;][\/vc_column][\/vc_row][vc_row row_type=&#8221;row&#8221; type=&#8221;grid&#8221; video=&#8221;&#8221; video_webm=&#8221;&#8221; video_mp4=&#8221;&#8221; video_ogv=&#8221;&#8221; background_image=&#8221;&#8221; parallax_speed=&#8221;&#8221; background_color=&#8221;&#8221; css=&#8221;.vc_custom_1436888275167{margin-top: 40px !important;margin-bottom: 40px !important;}&#8221; el_id=&#8221;soluciones&#8221;][vc_column width=&#8221;1\/3&#8243;][vc_column_text css_animation=&#8221;&#8221;]<img decoding=\"async\" loading=\"lazy\" class=\"alignnone size-medium wp-image-74067\" src=\"https:\/\/lightmoxion.com\/wp-content\/uploads\/2015\/06\/entretenimiento1-300x200.jpg\" alt=\"entretenimiento\" width=\"300\" height=\"200\" srcset=\"https:\/\/lightmoxion.com\/wp-content\/uploads\/2015\/06\/entretenimiento1-300x200.jpg 300w, https:\/\/lightmoxion.com\/wp-content\/uploads\/2015\/06\/entretenimiento1.jpg 600w\" sizes=\"(max-width: 300px) 100vw, 300px\" \/>[\/vc_column_text][vc_empty_space height=&#8221;30px&#8221;][vc_custom_heading text=&#8221;Sector Entretenimiento&#8221; font_container=&#8221;tag:h3|text_align:left|color:%23212d42&#8243; el_class=&#8221;heading-title&#8221;][vc_column_text css_animation=&#8221;&#8221;]<\/p>\n<p style=\"color: #212d42;\">Vanguardia tecnol\u00f3gica<\/p>\n<p style=\"color: #212d42;\">Innovaci\u00f3n tecnol\u00f3gica<\/p>\n<p style=\"color: #212d42;\">Creaci\u00f3n de ambientes<\/p>\n<p style=\"color: #212d42;\">Automatizaci\u00f3n y control<\/p>\n<p style=\"color: #212d42;\">Garant\u00edas extendidas y soporte t\u00e9cnico<\/p>\n<p style=\"color: #212d42;\">Capacitaci\u00f3n<\/p>\n<p style=\"color: #212d42;\">Dise\u00f1o y practicidad<\/p>\n<p style=\"color: #212d42;\">Orquestaci\u00f3n de diferentes tecnolog\u00edas en un mismo ambiente<\/p>\n<p>[\/vc_column_text][\/vc_column][vc_column width=&#8221;1\/3&#8243;][vc_column_text css_animation=&#8221;&#8221;]<img decoding=\"async\" loading=\"lazy\" class=\"alignnone size-medium wp-image-74077\" src=\"https:\/\/lightmoxion.com\/wp-content\/uploads\/2015\/06\/Residencial2-300x200.jpg\" alt=\"Residencial\" width=\"300\" height=\"200\" srcset=\"https:\/\/lightmoxion.com\/wp-content\/uploads\/2015\/06\/Residencial2-300x200.jpg 300w, https:\/\/lightmoxion.com\/wp-content\/uploads\/2015\/06\/Residencial2-1024x683.jpg 1024w, https:\/\/lightmoxion.com\/wp-content\/uploads\/2015\/06\/Residencial2.jpg 1200w\" sizes=\"(max-width: 300px) 100vw, 300px\" \/>[\/vc_column_text][vc_empty_space height=&#8221;30px&#8221;][vc_custom_heading text=&#8221;Sector Residencial&#8221; font_container=&#8221;tag:h3|text_align:left|color:%23212d42&#8243; el_class=&#8221;heading-title&#8221;][vc_column_text css_animation=&#8221;&#8221;]<\/p>\n<p style=\"color: #212d42;\">Eficiencia energ\u00e9tica a trav\u00e9s del uso de l\u00e1mparas y luminarios de alta eficacia en combinaci\u00f3n con elementos de control y automatizaci\u00f3n<\/p>\n<p style=\"color: #212d42;\">Equilibrio adecuado entre est\u00e9tica y ahorro<\/p>\n<p style=\"color: #212d42;\">Combinaci\u00f3n de temperaturas de color<\/p>\n<p style=\"color: #212d42;\">Aplicaci\u00f3n de distintos tipos de l\u00e1mparas y luminarios dependiendo de la aplicaci\u00f3n (Interiores \u2013 exteriores)<\/p>\n<p style=\"color: #212d42;\">Bajo mantenimiento<\/p>\n<p>[\/vc_column_text][\/vc_column][vc_column width=&#8221;1\/3&#8243; css=&#8221;.vc_custom_1435590725839{margin-top: 0px !important;margin-bottom: 0px !important;}&#8221;][vc_column_text css_animation=&#8221;&#8221;]<img decoding=\"async\" loading=\"lazy\" class=\"alignnone size-medium wp-image-74063\" src=\"https:\/\/lightmoxion.com\/wp-content\/uploads\/2015\/06\/comercial1-300x197.jpg\" alt=\"comercial\" width=\"300\" height=\"197\" srcset=\"https:\/\/lightmoxion.com\/wp-content\/uploads\/2015\/06\/comercial1-300x197.jpg 300w, https:\/\/lightmoxion.com\/wp-content\/uploads\/2015\/06\/comercial1.jpg 735w\" sizes=\"(max-width: 300px) 100vw, 300px\" \/>[\/vc_column_text][vc_empty_space height=&#8221;30px&#8221;][vc_custom_heading text=&#8221;Sector Comercial&#8221; font_container=&#8221;tag:h3|text_align:left|color:%23212d42&#8243; el_class=&#8221;heading-title&#8221;][vc_column_text css_animation=&#8221;&#8221;]<\/p>\n<p style=\"color: #212d42;\">Dise\u00f1o atractivo<\/p>\n<p style=\"color: #212d42;\">Altos \u00edndices de rendimiento de color<\/p>\n<p style=\"color: #212d42;\">Combinaci\u00f3n de temperaturas de color<\/p>\n<p style=\"color: #212d42;\">Eficiencia energ\u00e9tica a trav\u00e9s de una reducci\u00f3n en carga el\u00e9ctrica, consumo el\u00e9ctrico y en consecuencia en el gasto asociado al insumo el\u00e9ctrico.<\/p>\n<p style=\"color: #212d42;\">Bajo costo de operaci\u00f3n y mantenimiento<\/p>\n<p style=\"color: #212d42;\">Larga vida \u00fatil<\/p>\n<p style=\"color: #212d42;\">Baja obsolescencia tecnol\u00f3gica<\/p>\n<p style=\"color: #212d42;\">Garant\u00edas extendidas<\/p>\n<p style=\"color: #212d42;\">Optima densidad de potencia en alumbrado (Watts \/ m2)<\/p>\n<p style=\"color: #212d42;\">Menor depreciaci\u00f3n de flujos luminosos<\/p>\n<p>[\/vc_column_text][\/vc_column][\/vc_row][vc_row row_type=&#8221;row&#8221; type=&#8221;grid&#8221; video=&#8221;&#8221; video_webm=&#8221;&#8221; video_mp4=&#8221;&#8221; video_ogv=&#8221;&#8221; background_image=&#8221;&#8221; parallax_speed=&#8221;&#8221; background_color=&#8221;&#8221; el_id=&#8221;soluciones01&#8243;][vc_column width=&#8221;1\/3&#8243;][vc_column_text css_animation=&#8221;&#8221;]<img decoding=\"async\" loading=\"lazy\" class=\"alignnone size-medium wp-image-74070\" src=\"https:\/\/lightmoxion.com\/wp-content\/uploads\/2015\/06\/industrial1-300x200.png\" alt=\"industrial\" width=\"300\" height=\"200\" srcset=\"https:\/\/lightmoxion.com\/wp-content\/uploads\/2015\/06\/industrial1-300x200.png 300w, https:\/\/lightmoxion.com\/wp-content\/uploads\/2015\/06\/industrial1-1024x682.png 1024w, https:\/\/lightmoxion.com\/wp-content\/uploads\/2015\/06\/industrial1.png 1140w\" sizes=\"(max-width: 300px) 100vw, 300px\" \/>[\/vc_column_text][vc_empty_space height=&#8221;30px&#8221;][vc_custom_heading text=&#8221;Sector Industrial&#8221; font_container=&#8221;tag:h3|text_align:left|color:%23212d42&#8243; el_class=&#8221;heading-title&#8221;][vc_column_text css_animation=&#8221;&#8221;]<\/p>\n<p style=\"color: #212d42;\">Eficiencia energ\u00e9tica a trav\u00e9s de una reducci\u00f3n en carga el\u00e9ctrica, consumo el\u00e9ctrico y en consecuencia en el gasto asociado al insumo el\u00e9ctrico.<\/p>\n<p style=\"color: #212d42;\">Bajo costo de operaci\u00f3n y mantenimiento<\/p>\n<p style=\"color: #212d42;\">Larga vida \u00fatil<\/p>\n<p style=\"color: #212d42;\">Garant\u00edas extendidas<\/p>\n<p style=\"color: #212d42;\">L\u00e1mparas y luminarias con amplios rangos de voltaje<\/p>\n<p style=\"color: #212d42;\">L\u00e1mparas y luminarias en cumplimiento con los est\u00e1ndares y normatividad vigente<\/p>\n<p style=\"color: #212d42;\">Dise\u00f1o y sembrado en iluminaci\u00f3n en cumplimiento con los est\u00e1ndares y normatividad vigente<\/p>\n<p style=\"color: #212d42;\">Optima densidad de potencia en alumbrado (Watts \/ m2)<\/p>\n<p style=\"color: #212d42;\">Menor depreciaci\u00f3n de flujos luminosos<\/p>\n<p style=\"color: #212d42;\">Evitar deterioros y disturbios en la calidad de la energ\u00eda de la instalaci\u00f3n<\/p>\n<p style=\"color: #212d42;\">Reducci\u00f3n de la huella de carbono<\/p>\n<p style=\"color: #212d42;\">Reducci\u00f3n de residuos t\u00f3xicos<\/p>\n<p>[\/vc_column_text][\/vc_column][vc_column width=&#8221;1\/3&#8243;][vc_column_text css_animation=&#8221;&#8221;]<img decoding=\"async\" loading=\"lazy\" class=\"alignnone size-medium wp-image-74367\" src=\"https:\/\/lightmoxion.com\/wp-content\/uploads\/2015\/03\/corporativo12-300x202.png\" alt=\"corporativo\" width=\"300\" height=\"202\" \/>[\/vc_column_text][vc_empty_space height=&#8221;30px&#8221;][vc_custom_heading text=&#8221;Sector Corporativo&#8221; font_container=&#8221;tag:h3|text_align:left|color:%23212d42&#8243; el_class=&#8221;heading-title&#8221;][vc_column_text css_animation=&#8221;&#8221;]<\/p>\n<p style=\"color: #212d42;\">Eficiencia energ\u00e9tica a trav\u00e9s de una reducci\u00f3n en carga el\u00e9ctrica, consumo el\u00e9ctrico y en consecuencia en el gasto asociado al insumo el\u00e9ctrico.<\/p>\n<p style=\"color: #212d42;\">Bajo costo de operaci\u00f3n y mantenimiento<\/p>\n<p style=\"color: #212d42;\">Automatizaci\u00f3n y control<\/p>\n<p style=\"color: #212d42;\">Larga vida \u00fatil<\/p>\n<p style=\"color: #212d42;\">Baja obsolescencia tecnol\u00f3gica<\/p>\n<p style=\"color: #212d42;\">Garant\u00edas extendidas<\/p>\n<p style=\"color: #212d42;\">L\u00e1mparas y luminarias con amplios rangos de voltaje<\/p>\n<p style=\"color: #212d42;\">L\u00e1mparas y luminarias en cumplimiento con los est\u00e1ndares y normatividad vigente<\/p>\n<p style=\"color: #212d42;\">Dise\u00f1o y sembrado en iluminaci\u00f3n en cumplimiento con los est\u00e1ndares y normatividad vigente<\/p>\n<p style=\"color: #212d42;\">Optima densidad de potencia en alumbrado (Watts \/ m2)<\/p>\n<p style=\"color: #212d42;\">Menor depreciaci\u00f3n de flujos luminosos<\/p>\n<p style=\"color: #212d42;\">Evitar deterioros y disturbios en la calidad de la energ\u00eda de la instalaci\u00f3n<\/p>\n<p style=\"color: #212d42;\">Reducci\u00f3n de la huella de carbono<\/p>\n<p style=\"color: #212d42;\">Reducci\u00f3n de rayos UV<\/p>\n<p style=\"color: #212d42;\">Eliminaci\u00f3n del vidrio y residuos t\u00f3xicos contenidos en l\u00e1mparas fluorescentes e incandescentes<\/p>\n<p style=\"color: #212d42;\">Eliminaci\u00f3n de balastros y transformadores<\/p>\n<p>[\/vc_column_text][\/vc_column][vc_column width=&#8221;1\/3&#8243;][vc_column_text]<img decoding=\"async\" loading=\"lazy\" class=\"alignnone wp-image-74475 size-medium\" src=\"https:\/\/lightmoxion.com\/wp-content\/uploads\/2015\/03\/result-300x169.png\" alt=\"result\" width=\"300\" height=\"169\" \/>[\/vc_column_text][vc_empty_space height=&#8221;59px&#8221;][vc_custom_heading text=&#8221;Alumbrado P\u00fablico \/ Urbano&#8221; font_container=&#8221;tag:h3|text_align:left|color:%23212d42&#8243; el_class=&#8221;heading-title&#8221;][vc_column_text css_animation=&#8221;&#8221;]<\/p>\n<p lang=\"en-US\"><span lang=\"es-MX\" style=\"color: #212d42;\"><span lang=\"es-MX\">Algunos de los principales criterios que debemos tomar en consideraci\u00f3n al momento de dise\u00f1ar una soluci\u00f3n de iluminaci\u00f3n o bien seleccionar un reemplazo de luminarias ya existentes, en la categor\u00eda de alumbrado p\u00fablico son<\/span>:<\/span><\/p>\n<p lang=\"en-US\"><span lang=\"es-MX\" style=\"color: #212d42;\">Tipo de via y trafico<\/span><\/p>\n<ul>\n<li lang=\"en-US\"><span lang=\"es-MX\" style=\"color: #212d42;\">Carretera, autopista, via r\u00e1pida, interurbana, etc.<\/span><\/li>\n<li lang=\"en-US\"><span lang=\"es-MX\" style=\"color: #212d42;\">Tr\u00e1fico vehicular, ciclistas, peatonal<\/span><\/li>\n<\/ul>\n<p lang=\"en-US\"><span lang=\"es-MX\" style=\"color: #212d42;\">Tipo de postes y alturas de montaje<\/span><\/p>\n<p lang=\"en-US\"><span lang=\"es-MX\" style=\"color: #212d42;\">Sembrado actual<\/span><\/p>\n<p lang=\"en-US\">\u00a0<span lang=\"es-MX\" style=\"color: #212d42;\">Fotometr\u00edas y \u00f3pticas de los luminarios a elegir<\/span><\/p>\n<p lang=\"en-US\">\u00a0<span lang=\"es-MX\" style=\"color: #212d42;\">Coeficientes de resistencia al viento<\/span><\/p>\n<p lang=\"en-US\">\u00a0<span lang=\"es-MX\" style=\"color: #212d42;\">Uniformidad de luminancia<\/span><\/p>\n<p lang=\"en-US\">\u00a0<span lang=\"es-MX\" style=\"color: #212d42;\">Limitaciones del deslumbramiento<\/span><\/p>\n<p lang=\"en-US\">\u00a0<span lang=\"es-MX\" style=\"color: #212d42;\">Iluminaci\u00f3n de alrededores (Iluminancias horizontales y verticales)<\/span><\/p>\n<p lang=\"en-US\">\u00a0<span lang=\"es-MX\" style=\"color: #212d42;\">Guiado \u00f3ptico y orientaci\u00f3n visual<\/span><\/p>\n<p lang=\"en-US\">\u00a0<span lang=\"es-MX\" style=\"color: #212d42;\">Mantenimientos preventivos <\/span><\/p>\n<p lang=\"en-US\">\u00a0<span lang=\"es-MX\" style=\"color: #212d42;\">Densidad de potencia en alumbrado<\/span><\/p>\n<p>[\/vc_column_text][\/vc_column][\/vc_row]<\/p>\n","protected":false},"excerpt":{"rendered":"<p>[vc_row row_type=&#8221;row&#8221; type=&#8221;grid&#8221; video=&#8221;&#8221; video_webm=&#8221;&#8221; video_mp4=&#8221;&#8221; video_ogv=&#8221;&#8221; background_image=&#8221;&#8221; parallax_speed=&#8221;&#8221; background_color=&#8221;&#8221;][vc_column width=&#8221;1\/1&#8243;][vc_column_text css_animation=&#8221;&#8221; css=&#8221;.vc_custom_1433972770008{margin-bottom: 60px !important;}&#8221;] Nuestras soluciones incorporan los siguientes servicios y distintivos para los sectores Industrial, sector comercial, edificios corporativos, sector residencial y sector de entretenimiento, bajo la modalidad llave en mano. \u00a0 A nivel dise\u00f1o y especificaci\u00f3n: \u2611\u00a0Evaluaci\u00f3n de diferentes proveedores \/ marcas [&hellip;]<\/p>\n","protected":false},"author":1,"featured_media":0,"parent":0,"menu_order":0,"comment_status":"closed","ping_status":"closed","template":"","meta":[],"_links":{"self":[{"href":"https:\/\/lightmoxion.com\/index.php\/wp-json\/wp\/v2\/pages\/61"}],"collection":[{"href":"https:\/\/lightmoxion.com\/index.php\/wp-json\/wp\/v2\/pages"}],"about":[{"href":"https:\/\/lightmoxion.com\/index.php\/wp-json\/wp\/v2\/types\/page"}],"author":[{"embeddable":true,"href":"https:\/\/lightmoxion.com\/index.php\/wp-json\/wp\/v2\/users\/1"}],"replies":[{"embeddable":true,"href":"https:\/\/lightmoxion.com\/index.php\/wp-json\/wp\/v2\/comments?post=61"}],"version-history":[{"count":29,"href":"https:\/\/lightmoxion.com\/index.php\/wp-json\/wp\/v2\/pages\/61\/revisions"}],"predecessor-version":[{"id":74484,"href":"https:\/\/lightmoxion.com\/index.php\/wp-json\/wp\/v2\/pages\/61\/revisions\/74484"}],"wp:attachment":[{"href":"https:\/\/lightmoxion.com\/index.php\/wp-json\/wp\/v2\/media?parent=61"}],"curies":[{"name":"wp","href":"https:\/\/api.w.org\/{rel}","templated":true}]}}