{"id":67,"date":"2015-03-02T04:39:13","date_gmt":"2015-03-02T04:39:13","guid":{"rendered":"http:\/\/structure.thememove.com\/01\/?page_id=67"},"modified":"2019-09-23T20:02:38","modified_gmt":"2019-09-23T20:02:38","slug":"contact","status":"publish","type":"page","link":"https:\/\/lightmoxion.com\/index.php\/contact","title":{"rendered":"Contacto"},"content":{"rendered":"<p>\t\t[vc_row type=&#8221;full_width&#8221;][vc_column][vc_gmaps link=&#8221;#E-8_JTNDaWZyYW1lJTIwc3JjJTNEJTIyaHR0cHMlM0ElMkYlMkZ3d3cuZ29vZ2xlLmNvbSUyRm1hcHMlMkZlbWJlZCUzRnBiJTNEJTIxMW0xOCUyMTFtMTIlMjExbTMlMjExZDM3NjMuNjg2NjQ3NTgxNDY5NSUyMTJkLTk5LjI1NTc5MjY4NDUzNDQzJTIxM2QxOS4zODI3MTYxODY5MTI3NyUyMTJtMyUyMTFmMCUyMTJmMCUyMTNmMCUyMTNtMiUyMTFpMTAyNCUyMTJpNzY4JTIxNGYxMy4xJTIxM20zJTIxMW0yJTIxMXMweDg1ZDIwMTFlNGIyOTYyNmQlMjUzQTB4MTY1MDA1ZjBjM2M0NzRjNiUyMTJzR0FMRVJJQVMlMkJSRUZPUk1BJTIxNWUwJTIxM20yJTIxMXNlcyUyMTJzbXglMjE0djE0NzY0NjA1Njg1MjMlMjIlMjB3aWR0aCUzRCUyMjYwMCUyMiUyMGhlaWdodCUzRCUyMjQ1MCUyMiUyMGZyYW1lYm9yZGVyJTNEJTIyMCUyMiUyMHN0eWxlJTNEJTIyYm9yZGVyJTNBMCUyMiUyMGFsbG93ZnVsbHNjcmVlbiUzRSUzQyUyRmlmcmFtZSUzRQ==&#8221;][\/vc_column][\/vc_row][vc_row type=&#8221;full_width&#8221;][vc_column width=&#8221;1\/4&#8243;][vc_column_text css=&#8221;.vc_custom_1435761007222{margin-left: 40px !important;}&#8221;]<\/p>\n<p style=\"color: #212d42;\"><i class=\"fa fa-map-marker\"><\/i>Oficina: Carretera M\u00e9xico Toluca 1725 Suite K20, Col. Granjas de Palo Alto, Cuajimalpa, M\u00e9xico D.F. 05118<\/p>\n<p style=\"color: #212d42;\"><i class=\"fa fa-phone\"><\/i>6830 8660<\/p>\n<p style=\"color: #212d42;\"><i class=\"fa fa-envelope\"><\/i>contacto@lightmoxion.com<\/p>\n<p>[\/vc_column_text][vc_column_text css=&#8221;.vc_custom_1435761158710{margin-top: 30px !important;margin-left: 40px !important;}&#8221;]<\/p>\n<p style=\"color: #212d42;\"><i class=\"fa fa-map-marker\"><\/i>Almac\u00e9n: Golondrina 21, Col. Jos\u00e9 Mar\u00eda Pino Su\u00e1rez, \u00c1lvaro Obreg\u00f3n, M\u00e9xico D.F. 01140<\/p>\n<p>[\/vc_column_text][\/vc_column][vc_column width=&#8221;3\/4&#8243; css=&#8221;.vc_custom_1433197754191{margin-right: 0px !important;}&#8221;][contact-form-7 id=&#8221;584&#8243;][\/vc_column][\/vc_row][vc_row type=&#8221;full_width&#8221;][vc_column][\/vc_column][\/vc_row]<\/p>\n","protected":false},"excerpt":{"rendered":"<p>[vc_row type=&#8221;full_width&#8221;][vc_column][vc_gmaps link=&#8221;#E-8_JTNDaWZyYW1lJTIwc3JjJTNEJTIyaHR0cHMlM0ElMkYlMkZ3d3cuZ29vZ2xlLmNvbSUyRm1hcHMlMkZlbWJlZCUzRnBiJTNEJTIxMW0xOCUyMTFtMTIlMjExbTMlMjExZDM3NjMuNjg2NjQ3NTgxNDY5NSUyMTJkLTk5LjI1NTc5MjY4NDUzNDQzJTIxM2QxOS4zODI3MTYxODY5MTI3NyUyMTJtMyUyMTFmMCUyMTJmMCUyMTNmMCUyMTNtMiUyMTFpMTAyNCUyMTJpNzY4JTIxNGYxMy4xJTIxM20zJTIxMW0yJTIxMXMweDg1ZDIwMTFlNGIyOTYyNmQlMjUzQTB4MTY1MDA1ZjBjM2M0NzRjNiUyMTJzR0FMRVJJQVMlMkJSRUZPUk1BJTIxNWUwJTIxM20yJTIxMXNlcyUyMTJzbXglMjE0djE0NzY0NjA1Njg1MjMlMjIlMjB3aWR0aCUzRCUyMjYwMCUyMiUyMGhlaWdodCUzRCUyMjQ1MCUyMiUyMGZyYW1lYm9yZGVyJTNEJTIyMCUyMiUyMHN0eWxlJTNEJTIyYm9yZGVyJTNBMCUyMiUyMGFsbG93ZnVsbHNjcmVlbiUzRSUzQyUyRmlmcmFtZSUzRQ==&#8221;][\/vc_column][\/vc_row][vc_row type=&#8221;full_width&#8221;][vc_column width=&#8221;1\/4&#8243;][vc_column_text css=&#8221;.vc_custom_1435761007222{margin-left: 40px !important;}&#8221;] Oficina: Carretera M\u00e9xico Toluca 1725 Suite K20, Col. Granjas de Palo Alto, Cuajimalpa, M\u00e9xico D.F. 05118 6830 8660 contacto@lightmoxion.com [\/vc_column_text][vc_column_text css=&#8221;.vc_custom_1435761158710{margin-top: 30px !important;margin-left: 40px !important;}&#8221;] Almac\u00e9n: Golondrina 21, Col. Jos\u00e9 Mar\u00eda Pino Su\u00e1rez, \u00c1lvaro Obreg\u00f3n, M\u00e9xico D.F. 01140 [\/vc_column_text][\/vc_column][vc_column width=&#8221;3\/4&#8243; css=&#8221;.vc_custom_1433197754191{margin-right: 0px !important;}&#8221;][contact-form-7 id=&#8221;584&#8243;][\/vc_column][\/vc_row][vc_row type=&#8221;full_width&#8221;][vc_column][\/vc_column][\/vc_row]<\/p>\n","protected":false},"author":1,"featured_media":0,"parent":0,"menu_order":0,"comment_status":"closed","ping_status":"closed","template":"","meta":[],"_links":{"self":[{"href":"https:\/\/lightmoxion.com\/index.php\/wp-json\/wp\/v2\/pages\/67"}],"collection":[{"href":"https:\/\/lightmoxion.com\/index.php\/wp-json\/wp\/v2\/pages"}],"about":[{"href":"https:\/\/lightmoxion.com\/index.php\/wp-json\/wp\/v2\/types\/page"}],"author":[{"embeddable":true,"href":"https:\/\/lightmoxion.com\/index.php\/wp-json\/wp\/v2\/users\/1"}],"replies":[{"embeddable":true,"href":"https:\/\/lightmoxion.com\/index.php\/wp-json\/wp\/v2\/comments?post=67"}],"version-history":[{"count":10,"href":"https:\/\/lightmoxion.com\/index.php\/wp-json\/wp\/v2\/pages\/67\/revisions"}],"predecessor-version":[{"id":77669,"href":"https:\/\/lightmoxion.com\/index.php\/wp-json\/wp\/v2\/pages\/67\/revisions\/77669"}],"wp:attachment":[{"href":"https:\/\/lightmoxion.com\/index.php\/wp-json\/wp\/v2\/media?parent=67"}],"curies":[{"name":"wp","href":"https:\/\/api.w.org\/{rel}","templated":true}]}}