{"id":73057,"date":"2015-03-17T08:19:15","date_gmt":"2015-03-17T08:19:15","guid":{"rendered":"http:\/\/structure.thememove.com\/demo\/?page_id=73057"},"modified":"2019-09-23T20:19:24","modified_gmt":"2019-09-23T20:19:24","slug":"our-projects","status":"publish","type":"page","link":"https:\/\/lightmoxion.com\/index.php\/our-projects","title":{"rendered":"Nosotros"},"content":{"rendered":"<p>[vc_row type=&#8221;full_width&#8221;][vc_column width=&#8221;1\/2&#8243;][vc_single_image image=&#8221;74149&#8243; img_size=&#8221;1200&#215;800&#8243; alignment=&#8221;&#8221; style=&#8221;vc_box_shadow_3d&#8221; css=&#8221;.vc_custom_1435594864360{margin-left: 50px !important;}&#8221;][\/vc_column][vc_column width=&#8221;1\/2&#8243;][vc_column_text css=&#8221;.vc_custom_1433974907986{margin-right: 80px !important;}&#8221;]<\/p>\n<h1 style=\"text-align: center;\">Perfil Corporativo<\/h1>\n<p>&nbsp;<\/p>\n<h4 style=\"text-align: left;\">Nuestra raz\u00f3n de ser es <strong>iluminar<\/strong> a trav\u00e9s de&nbsp;soluciones que incorporan dise\u00f1os y&nbsp;tecnolog\u00edas innovadoras que&nbsp;se traduzcan en un<strong>&nbsp;distintivo&nbsp;<\/strong>para nuestros clientes.<\/h4>\n<h4 style=\"text-align: justify;\"><\/h4>\n<p>&nbsp;<\/p>\n<h4 style=\"text-align: justify;\">Para ello, aplicamos la combinaci\u00f3n de talentos y experiencias en conjunto con tecnolog\u00edas soportadas por las marcas&nbsp;l\u00edderes del mercado nacional e internacional, con el prop\u00f3sito de brindar soluciones eficientes y personalizadas para&nbsp;los sectores industrial, comercial, corporativo, residencial y de entretenimiento en nuestro pa\u00eds.<\/h4>\n<h3 style=\"text-align: center;\"><\/h3>\n<p><code>[\/vc_column_text][\/vc_column][\/vc_row][vc_row type=\"full_width\"][vc_column css=\".vc_custom_1433974972684{margin-top: 30px !important;}\"][vc_row_inner][vc_column_inner width=\"1\/2\"][vc_column_text css=\".vc_custom_1476376173631{margin-top: 150px !important;margin-left: 20px !important;}\"]<\/code><\/p>\n<p><code>&nbsp;<\/code><\/p>\n<p><code><\/code><\/p>\n<p><code><\/p>\n<h1 style=\"text-align: center;\"><span style=\"color: #212d42;\">Misi\u00f3n<\/span><\/h1>\n<h1 style=\"text-align: center;\"><\/h1>\n<h4 style=\"text-align: center;\">Entregar soluciones de iluminaci\u00f3n con un alto contenido tecnol\u00f3gico para satisfacer las necesidades de un mercado cambiante<\/h4>\n<p>[\/vc_column_text][\/vc_column_inner][vc_column_inner width=\"1\/2\"][vc_single_image image=\"74138\" img_size=\"600x400\" style=\"vc_box_shadow_3d\" css=\".vc_custom_1435600953583{margin-top: 150px !important;}\"][\/vc_column_inner][\/vc_row_inner][\/vc_column][\/vc_row][vc_row type=\"full_width\"][vc_column css=\".vc_custom_1434055672452{margin-top: 50px !important;}\"][vc_row_inner][vc_column_inner width=\"1\/2\" css=\".vc_custom_1434056952813{margin-top: 50px !important;}\"][vc_single_image image=\"74135\" img_size=\"600x400\" alignment=\"right\" style=\"vc_box_shadow_3d\" css=\".vc_custom_1435591880758{margin-left: 50px !important;}\"][\/vc_column_inner][vc_column_inner width=\"1\/2\" css=\".vc_custom_1434056992461{margin-top: 80px !important;}\"][vc_column_text css=\".vc_custom_1476376188351{margin-right: 20px !important;}\"]<\/p>\n<h1 style=\"text-align: center;\"><span style=\"color: #212d42;\">Visi\u00f3n<\/span><\/h1>\n<h4 style=\"text-align: center;\">Ser reconocidos como una de las firmas de ingenier\u00eda en iluminaci\u00f3n l\u00edderes en el mercado mexicano gracias al valor que aportamos a nuestros clientes. If you agree with authors, you need to make a strong <a href=\"https:\/\/drwritemyessay.com\/\">see home page<\/a> argument and provide valid evidence.<\/h4>\n<p>[\/vc_column_text][\/vc_column_inner][\/vc_row_inner][\/vc_column][\/vc_row]<\/p>\n<p><\/code><code><\/code><code><\/code><\/p>\n","protected":false},"excerpt":{"rendered":"<p>[vc_row type=&#8221;full_width&#8221;][vc_column width=&#8221;1\/2&#8243;][vc_single_image image=&#8221;74149&#8243; img_size=&#8221;1200&#215;800&#8243; alignment=&#8221;&#8221; style=&#8221;vc_box_shadow_3d&#8221; css=&#8221;.vc_custom_1435594864360{margin-left: 50px !important;}&#8221;][\/vc_column][vc_column width=&#8221;1\/2&#8243;][vc_column_text css=&#8221;.vc_custom_1433974907986{margin-right: 80px !important;}&#8221;] Perfil Corporativo &nbsp; Nuestra raz\u00f3n de ser es iluminar a trav\u00e9s de&nbsp;soluciones que incorporan dise\u00f1os y&nbsp;tecnolog\u00edas innovadoras que&nbsp;se traduzcan en un&nbsp;distintivo&nbsp;para nuestros clientes. &nbsp; Para ello, aplicamos la combinaci\u00f3n de talentos y experiencias en conjunto con tecnolog\u00edas soportadas por las marcas&nbsp;l\u00edderes [&hellip;]<\/p>\n","protected":false},"author":1,"featured_media":0,"parent":0,"menu_order":0,"comment_status":"closed","ping_status":"closed","template":"","meta":[],"_links":{"self":[{"href":"https:\/\/lightmoxion.com\/index.php\/wp-json\/wp\/v2\/pages\/73057"}],"collection":[{"href":"https:\/\/lightmoxion.com\/index.php\/wp-json\/wp\/v2\/pages"}],"about":[{"href":"https:\/\/lightmoxion.com\/index.php\/wp-json\/wp\/v2\/types\/page"}],"author":[{"embeddable":true,"href":"https:\/\/lightmoxion.com\/index.php\/wp-json\/wp\/v2\/users\/1"}],"replies":[{"embeddable":true,"href":"https:\/\/lightmoxion.com\/index.php\/wp-json\/wp\/v2\/comments?post=73057"}],"version-history":[{"count":20,"href":"https:\/\/lightmoxion.com\/index.php\/wp-json\/wp\/v2\/pages\/73057\/revisions"}],"predecessor-version":[{"id":77682,"href":"https:\/\/lightmoxion.com\/index.php\/wp-json\/wp\/v2\/pages\/73057\/revisions\/77682"}],"wp:attachment":[{"href":"https:\/\/lightmoxion.com\/index.php\/wp-json\/wp\/v2\/media?parent=73057"}],"curies":[{"name":"wp","href":"https:\/\/api.w.org\/{rel}","templated":true}]}}