{"id":74489,"date":"2016-09-30T18:19:03","date_gmt":"2016-09-30T18:19:03","guid":{"rendered":"https:\/\/lightmoxion.com\/?page_id=74489"},"modified":"2019-09-23T20:04:13","modified_gmt":"2019-09-23T20:04:13","slug":"diseno-y-especificacion","status":"publish","type":"page","link":"https:\/\/lightmoxion.com\/index.php\/diseno-y-especificacion","title":{"rendered":"Dise\u00f1o y especificaci\u00f3n"},"content":{"rendered":"<p> Are you experiencing worries about taking care of the perfect report coming up with service? Our essay freelance writers deal first-category remedies for you. Get university essay that you can buy around the internet  <\/p>\n<p>\t\t[vc_row][vc_column][vc_column_text css=&#8221;.vc_custom_1476722272967{margin-bottom: 60px !important;}&#8221;]<\/p>\n<h4><span style=\"color: #212d42;\">Nuestras soluciones comprenden los siguientes servicios y distintivos para los sectores industrial, comercial, residencial y de entretenimiento as\u00ed como para edificios corporativos, todos bajo la modalidad llave en mano.<\/span><\/h4>\n<p>[\/vc_column_text][\/vc_column][\/vc_row][vc_row][vc_column width=&#8221;1\/2&#8243;][vc_column_text]<\/p>\n<h2 style=\"text-align: left;\"><span style=\"color: #212d42;\">A nivel dise\u00f1o y especificaci\u00f3n:<\/span><\/h2>\n<p><span style=\"color: #212d42;\">&#x2611;&nbsp;Evaluaci\u00f3n de diferentes proveedores \/marcas y tecnolog\u00edas de acuerdo al tipo de aplicaci\u00f3n.<\/span><\/p>\n<p><span style=\"color: #212d42;\">&#x2611;&nbsp;Aplicaci\u00f3n de la normatividad vigente.<\/span><\/p>\n<p><span style=\"color: #212d42;\">&#x2611;&nbsp;Correcto balance entre niveles de iluminaci\u00f3n y densidad de potencia el\u00e9ctrica.<\/span><\/p>\n<p><span style=\"color: #212d42;\">&#x2611;&nbsp;Realizaci\u00f3n de simulaciones, renders y reportes.<\/span><\/p>\n<p><span style=\"color: #212d42;\">&#x2611;&nbsp;Elaboraci\u00f3n de planos el\u00e9ctricos<\/span><\/p>\n<p><span style=\"color: #212d42;\">&#x2611;&nbsp;Elaboraci\u00f3n de ingenier\u00edas, cat\u00e1logo de conceptos y cronogramas.<\/span><\/p>\n<p><span style=\"color: #212d42;\">&#x2611;&nbsp;Alta eficiencia energ\u00e9tica en combinaci\u00f3n con bajos costos de mantenimiento.<\/span><\/p>\n<p>\t\t<span style=\"color: #212d42;\">&#x2611;&nbsp;Tecnolog\u00edas y sistemas de control compatibles y de larga permanencia.<\/span><\/p>\n<p><span style=\"color: #212d42;\">&#x2611;&nbsp;Iluminaci\u00f3n dise\u00f1ada con un enfoque comercial que favorezca el incremento de ventas mediante la percepci\u00f3n psicol\u00f3gica de la luz. (Sector comercial).<\/span><\/p>\n<p><span style=\"color: #212d42;\">&#x2611;&nbsp;Amplia gama de opciones para diferentes aplicaciones y necesidades.<\/span><\/p>\n<p>[\/vc_column_text][\/vc_column][vc_column width=&#8221;1\/2&#8243;][vc_column_text]<\/p>\n<h2 style=\"text-align: left;\"><span style=\"color: #212d42;\">A nivel instalaci\u00f3n:<\/span><\/h2>\n<p><span style=\"color: #212d42;\">&#x2611;&nbsp;Evaluaci\u00f3n de la calidad de la energ\u00eda de los circuitos el\u00e9ctricos en iluminaci\u00f3n previa a la instalaci\u00f3n.<\/span><\/p>\n<p><span style=\"color: #212d42;\">&#x2611;&nbsp;Detecci\u00f3n y correcci\u00f3n de problemas el\u00e9ctricos previo a la realizaci\u00f3n de cualquier instalaci\u00f3n.<\/span><\/p>\n<p><span style=\"color: #212d42;\">&#x2611;&nbsp;Procura de los productos y materiales requeridos.<\/span><\/p>\n<p><span style=\"color: #212d42;\">&#x2611;&nbsp;Mano de obra especializada.<\/span><\/p>\n<p><span style=\"color: #212d42;\">&#x2611;&nbsp;Instalaci\u00f3n de acuerdo a normas del sector el\u00e9ctrico.<\/span><\/p>\n<p><span style=\"color: #212d42;\">&#x2611;&nbsp;Confinamiento de l\u00e1mparas, luminarios, balastros y dem\u00e1s accesorios a reemplazar.<\/span><\/p>\n<p><span style=\"color: #212d42;\">&#x2611;&nbsp;Capacitaci\u00f3n a los administradores de la soluci\u00f3n y a usuarios finales.<\/span><\/p>\n<p>[\/vc_column_text][\/vc_column][\/vc_row][vc_row css=&#8221;.vc_custom_1476722436287{margin-top: 80px !important;}&#8221;][vc_column][vc_custom_heading text=&#8221;Cada sector requiere de diferentes necesidades t\u00e9cnicas y arquitect\u00f3nicas, por lo que resulta indispensable considerar las siguientes:&#8221; font_container=&#8221;tag:h4|text_align:left&#8221;][vc_separator border_width=&#8221;5&#8243;][\/vc_column][\/vc_row][vc_row css=&#8221;.vc_custom_1436888275167{margin-top: 40px !important;margin-bottom: 40px !important;}&#8221; el_id=&#8221;soluciones&#8221;][vc_column width=&#8221;1\/3&#8243;][vc_empty_space height=&#8221;30px&#8221;][vc_tta_accordion][vc_tta_section title=&#8221;Sector Entretenimiento&#8221; tab_id=&#8221;1476720377557-27ee827d-bb4d&#8221;][vc_column_text]<\/p>\n<p><img decoding=\"async\" loading=\"lazy\" class=\"alignnone size-medium wp-image-74067\" src=\"https:\/\/lightmoxion.com\/wp-content\/uploads\/2015\/06\/entretenimiento1-300x200.jpg\" alt=\"entretenimiento\" width=\"300\" height=\"200\" srcset=\"https:\/\/lightmoxion.com\/wp-content\/uploads\/2015\/06\/entretenimiento1-300x200.jpg 300w, https:\/\/lightmoxion.com\/wp-content\/uploads\/2015\/06\/entretenimiento1.jpg 600w\" sizes=\"(max-width: 300px) 100vw, 300px\" \/><\/p>\n<p>[\/vc_column_text][\/vc_tta_section][vc_tta_section title=&#8221;Leer m\u00e1s&#8221; tab_id=&#8221;1476720976321-a7e93490-ef9d&#8221;][vc_column_text]<\/p>\n<p style=\"color: #212d42;\"><img decoding=\"async\" src=\"https:\/\/lightmoxion.com\/wp-content\/uploads\/2016\/10\/rounded-plug_naranja.png\"> Vanguardia tecnol\u00f3gica<\/p>\n<p style=\"color: #212d42;\"><img decoding=\"async\" src=\"https:\/\/lightmoxion.com\/wp-content\/uploads\/2016\/10\/rounded-plug_naranja.png\"> Innovaci\u00f3n tecnol\u00f3gica<\/p>\n<p style=\"color: #212d42;\"><img decoding=\"async\" src=\"https:\/\/lightmoxion.com\/wp-content\/uploads\/2016\/10\/rounded-plug_naranja.png\"> Creaci\u00f3n de ambientes<\/p>\n<p style=\"color: #212d42;\"><img decoding=\"async\" src=\"https:\/\/lightmoxion.com\/wp-content\/uploads\/2016\/10\/rounded-plug_naranja.png\"> Automatizaci\u00f3n y control<\/p>\n<p style=\"color: #212d42;\"><img decoding=\"async\" src=\"https:\/\/lightmoxion.com\/wp-content\/uploads\/2016\/10\/rounded-plug_naranja.png\"> Garant\u00edas extendidas y soporte t\u00e9cnico<\/p>\n<p style=\"color: #212d42;\"><img decoding=\"async\" src=\"https:\/\/lightmoxion.com\/wp-content\/uploads\/2016\/10\/rounded-plug_naranja.png\"> Capacitaci\u00f3n<\/p>\n<p style=\"color: #212d42;\"><img decoding=\"async\" src=\"https:\/\/lightmoxion.com\/wp-content\/uploads\/2016\/10\/rounded-plug_naranja.png\"> Dise\u00f1o y practicidad<\/p>\n<p style=\"color: #212d42;\"><img decoding=\"async\" src=\"https:\/\/lightmoxion.com\/wp-content\/uploads\/2016\/10\/rounded-plug_naranja.png\"> Orquestaci\u00f3n de diferentes tecnolog\u00edas en un mismo ambiente<\/p>\n<p>[\/vc_column_text][\/vc_tta_section][\/vc_tta_accordion][\/vc_column][vc_column width=&#8221;1\/3&#8243;][vc_empty_space height=&#8221;30px&#8221;][vc_tta_accordion][vc_tta_section title=&#8221;Sector Residencial&#8221; tab_id=&#8221;1476721329851-d00b02c6-2215&#8243;][vc_column_text]<\/p>\n<p><img decoding=\"async\" loading=\"lazy\" class=\"alignnone size-medium wp-image-74077\" src=\"https:\/\/lightmoxion.com\/wp-content\/uploads\/2015\/06\/Residencial2-300x200.jpg\" alt=\"Residencial\" width=\"300\" height=\"200\" srcset=\"https:\/\/lightmoxion.com\/wp-content\/uploads\/2015\/06\/Residencial2-300x200.jpg 300w, https:\/\/lightmoxion.com\/wp-content\/uploads\/2015\/06\/Residencial2-1024x683.jpg 1024w, https:\/\/lightmoxion.com\/wp-content\/uploads\/2015\/06\/Residencial2.jpg 1200w\" sizes=\"(max-width: 300px) 100vw, 300px\" \/><\/p>\n<p>[\/vc_column_text][\/vc_tta_section][vc_tta_section title=&#8221;Leer m\u00e1s&#8221; tab_id=&#8221;1476721329856-9039c271-0e66&#8243;][vc_column_text]<\/p>\n<p style=\"color: #212d42;\"><img decoding=\"async\" src=\"https:\/\/lightmoxion.com\/wp-content\/uploads\/2016\/10\/socket_naranja.png\"> Eficiencia energ\u00e9tica a trav\u00e9s del uso de l\u00e1mparas y luminarios de alta eficacia en combinaci\u00f3n con elementos de control y automatizaci\u00f3n<\/p>\n<p style=\"color: #212d42;\"><img decoding=\"async\" src=\"https:\/\/lightmoxion.com\/wp-content\/uploads\/2016\/10\/socket_naranja.png\"> Equilibrio adecuado entre est\u00e9tica y ahorro<\/p>\n<p style=\"color: #212d42;\"><img decoding=\"async\" src=\"https:\/\/lightmoxion.com\/wp-content\/uploads\/2016\/10\/socket_naranja.png\"> Combinaci\u00f3n de temperaturas de color<\/p>\n<p style=\"color: #212d42;\"><img decoding=\"async\" src=\"https:\/\/lightmoxion.com\/wp-content\/uploads\/2016\/10\/socket_naranja.png\"> Aplicaci\u00f3n de distintos tipos de l\u00e1mparas y luminarios dependiendo de la aplicaci\u00f3n (Interiores \u2013 exteriores)<\/p>\n<p style=\"color: #212d42;\"><img decoding=\"async\" src=\"https:\/\/lightmoxion.com\/wp-content\/uploads\/2016\/10\/socket_naranja.png\"> Bajo mantenimiento<\/p>\n<p>[\/vc_column_text][\/vc_tta_section][\/vc_tta_accordion][\/vc_column][vc_column width=&#8221;1\/3&#8243; css=&#8221;.vc_custom_1435590725839{margin-top: 0px !important;margin-bottom: 0px !important;}&#8221;][vc_empty_space height=&#8221;30px&#8221;][vc_tta_accordion][vc_tta_section title=&#8221;Sector Residencial&#8221; tab_id=&#8221;1476721476339-26ad66eb-9316&#8243;][vc_column_text]<\/p>\n<p><img decoding=\"async\" loading=\"lazy\" class=\"alignnone size-medium wp-image-74063\" src=\"https:\/\/lightmoxion.com\/wp-content\/uploads\/2015\/06\/comercial1-300x197.jpg\" alt=\"comercial\" width=\"300\" height=\"197\" srcset=\"https:\/\/lightmoxion.com\/wp-content\/uploads\/2015\/06\/comercial1-300x197.jpg 300w, https:\/\/lightmoxion.com\/wp-content\/uploads\/2015\/06\/comercial1.jpg 735w\" sizes=\"(max-width: 300px) 100vw, 300px\" \/><\/p>\n<p>[\/vc_column_text][\/vc_tta_section][vc_tta_section title=&#8221;Leer m\u00e1s&#8221; tab_id=&#8221;1476721476343-ceba898c-7f25&#8243;][vc_column_text]<\/p>\n<p style=\"color: #212d42;\"><img decoding=\"async\" src=\"https:\/\/lightmoxion.com\/wp-content\/uploads\/2016\/10\/electric-plug-naranja.png\"> Dise\u00f1o atractivo<\/p>\n<p style=\"color: #212d42;\"><img decoding=\"async\" src=\"https:\/\/lightmoxion.com\/wp-content\/uploads\/2016\/10\/electric-plug-naranja.png\"> Altos \u00edndices de rendimiento de color<\/p>\n<p style=\"color: #212d42;\"><img decoding=\"async\" src=\"https:\/\/lightmoxion.com\/wp-content\/uploads\/2016\/10\/electric-plug-naranja.png\"> Combinaci\u00f3n de temperaturas de color<\/p>\n<p style=\"color: #212d42;\"><img decoding=\"async\" src=\"https:\/\/lightmoxion.com\/wp-content\/uploads\/2016\/10\/electric-plug-naranja.png\"> Eficiencia energ\u00e9tica a trav\u00e9s de una reducci\u00f3n en carga el\u00e9ctrica, consumo el\u00e9ctrico y en consecuencia en el gasto asociado al insumo el\u00e9ctrico.<\/p>\n<p style=\"color: #212d42;\"><img decoding=\"async\" src=\"https:\/\/lightmoxion.com\/wp-content\/uploads\/2016\/10\/electric-plug-naranja.png\"> Bajo costo de operaci\u00f3n y mantenimiento<\/p>\n<p style=\"color: #212d42;\"><img decoding=\"async\" src=\"https:\/\/lightmoxion.com\/wp-content\/uploads\/2016\/10\/electric-plug-naranja.png\"> Larga vida \u00fatil<\/p>\n<p style=\"color: #212d42;\"><img decoding=\"async\" src=\"https:\/\/lightmoxion.com\/wp-content\/uploads\/2016\/10\/electric-plug-naranja.png\"> Baja obsolescencia tecnol\u00f3gica<\/p>\n<p style=\"color: #212d42;\"><img decoding=\"async\" src=\"https:\/\/lightmoxion.com\/wp-content\/uploads\/2016\/10\/electric-plug-naranja.png\"> Garant\u00edas extendidas<\/p>\n<p style=\"color: #212d42;\"><img decoding=\"async\" src=\"https:\/\/lightmoxion.com\/wp-content\/uploads\/2016\/10\/electric-plug-naranja.png\"> \u00d3ptima densidad de potencia en alumbrado (Watts \/ m2)<\/p>\n<p style=\"color: #212d42;\"><img decoding=\"async\" src=\"https:\/\/lightmoxion.com\/wp-content\/uploads\/2016\/10\/electric-plug-naranja.png\"> Menor depreciaci\u00f3n de flujos luminosos<\/p>\n<p>[\/vc_column_text][\/vc_tta_section][\/vc_tta_accordion][\/vc_column][\/vc_row][vc_row el_id=&#8221;soluciones01&#8243;][vc_column width=&#8221;1\/3&#8243;][vc_empty_space height=&#8221;30px&#8221;][vc_tta_accordion][vc_tta_section title=&#8221;Sector Industrial&#8221; tab_id=&#8221;1476721683757-13a2b44d-1815&#8243;][vc_column_text]<\/p>\n<p><img decoding=\"async\" loading=\"lazy\" class=\"alignnone size-medium wp-image-74070\" src=\"https:\/\/lightmoxion.com\/wp-content\/uploads\/2015\/06\/industrial1-300x200.png\" alt=\"industrial\" width=\"300\" height=\"200\" srcset=\"https:\/\/lightmoxion.com\/wp-content\/uploads\/2015\/06\/industrial1-300x200.png 300w, https:\/\/lightmoxion.com\/wp-content\/uploads\/2015\/06\/industrial1-1024x682.png 1024w, https:\/\/lightmoxion.com\/wp-content\/uploads\/2015\/06\/industrial1.png 1140w\" sizes=\"(max-width: 300px) 100vw, 300px\" \/><\/p>\n<p>[\/vc_column_text][\/vc_tta_section][vc_tta_section title=&#8221;Leer m\u00e1s&#8221; tab_id=&#8221;1476721683759-9abd74ec-52f3&#8243;][vc_column_text]<\/p>\n<p style=\"color: #212d42;\"><img decoding=\"async\" src=\"https:\/\/lightmoxion.com\/wp-content\/uploads\/2016\/10\/electric-plug_naranja.png\"> Eficiencia energ\u00e9tica a trav\u00e9s de una reducci\u00f3n en carga el\u00e9ctrica, consumo el\u00e9ctrico y en consecuencia en el gasto asociado al insumo el\u00e9ctrico.<\/p>\n<p style=\"color: #212d42;\"><img decoding=\"async\" src=\"https:\/\/lightmoxion.com\/wp-content\/uploads\/2016\/10\/electric-plug_naranja.png\"> Bajo costo de operaci\u00f3n y mantenimiento<\/p>\n<p style=\"color: #212d42;\"><img decoding=\"async\" src=\"https:\/\/lightmoxion.com\/wp-content\/uploads\/2016\/10\/electric-plug_naranja.png\"> Larga vida \u00fatil<\/p>\n<p style=\"color: #212d42;\"><img decoding=\"async\" src=\"https:\/\/lightmoxion.com\/wp-content\/uploads\/2016\/10\/electric-plug_naranja.png\"> Garant\u00edas extendidas<\/p>\n<p style=\"color: #212d42;\"><img decoding=\"async\" src=\"https:\/\/lightmoxion.com\/wp-content\/uploads\/2016\/10\/electric-plug_naranja.png\"> L\u00e1mparas y luminarias con amplios rangos de voltaje<\/p>\n<p style=\"color: #212d42;\"><img decoding=\"async\" src=\"https:\/\/lightmoxion.com\/wp-content\/uploads\/2016\/10\/electric-plug_naranja.png\"> L\u00e1mparas y luminarias en cumplimiento con los est\u00e1ndares y normatividad vigente<\/p>\n<p style=\"color: #212d42;\"><img decoding=\"async\" src=\"https:\/\/lightmoxion.com\/wp-content\/uploads\/2016\/10\/electric-plug_naranja.png\"> Dise\u00f1o y sembrado en iluminaci\u00f3n en cumplimiento con los est\u00e1ndares y normatividad vigente<\/p>\n<p style=\"color: #212d42;\"><img decoding=\"async\" src=\"https:\/\/lightmoxion.com\/wp-content\/uploads\/2016\/10\/electric-plug_naranja.png\"> \u00d3ptima densidad de potencia en alumbrado (Watts \/ m2)<\/p>\n<p style=\"color: #212d42;\"><img decoding=\"async\" src=\"https:\/\/lightmoxion.com\/wp-content\/uploads\/2016\/10\/electric-plug_naranja.png\"> Menor depreciaci\u00f3n de flujos luminosos<\/p>\n<p style=\"color: #212d42;\"><img decoding=\"async\" src=\"https:\/\/lightmoxion.com\/wp-content\/uploads\/2016\/10\/electric-plug_naranja.png\"> Evitar deterioros y disturbios en la calidad de la energ\u00eda de la instalaci\u00f3n<\/p>\n<p style=\"color: #212d42;\"><img decoding=\"async\" src=\"https:\/\/lightmoxion.com\/wp-content\/uploads\/2016\/10\/electric-plug_naranja.png\"> Reducci\u00f3n de la huella de carbono<\/p>\n<p style=\"color: #212d42;\"><img decoding=\"async\" src=\"https:\/\/lightmoxion.com\/wp-content\/uploads\/2016\/10\/electric-plug_naranja.png\"> Reducci\u00f3n de residuos t\u00f3xicos<\/p>\n<p>[\/vc_column_text][\/vc_tta_section][\/vc_tta_accordion][\/vc_column][vc_column width=&#8221;1\/3&#8243;][vc_empty_space height=&#8221;30px&#8221;][vc_tta_accordion][vc_tta_section title=&#8221;Sector Corporativo&#8221; tab_id=&#8221;1476721801017-c26e6473-76cd&#8221;][vc_column_text]<\/p>\n<p><img decoding=\"async\" loading=\"lazy\" class=\"alignnone size-medium wp-image-74367\" src=\"https:\/\/lightmoxion.com\/wp-content\/uploads\/2015\/03\/corporativo12-300x202.png\" alt=\"corporativo\" width=\"300\" height=\"202\"><\/p>\n<p>[\/vc_column_text][\/vc_tta_section][vc_tta_section title=&#8221;Leer m\u00e1s&#8221; tab_id=&#8221;1476721801020-e2c2d64b-0b83&#8243;][vc_column_text]<\/p>\n<p style=\"color: #212d42;\"><img decoding=\"async\" src=\"https:\/\/lightmoxion.com\/wp-content\/uploads\/2016\/10\/electric-plug_naranja.png\"> Eficiencia energ\u00e9tica a trav\u00e9s de una reducci\u00f3n en carga el\u00e9ctrica, consumo el\u00e9ctrico y en consecuencia en el gasto asociado al insumo el\u00e9ctrico.<\/p>\n<p style=\"color: #212d42;\"><img decoding=\"async\" src=\"https:\/\/lightmoxion.com\/wp-content\/uploads\/2016\/10\/electric-plug_naranja.png\"> Bajo costo de operaci\u00f3n y mantenimiento<\/p>\n<p style=\"color: #212d42;\"><img decoding=\"async\" src=\"https:\/\/lightmoxion.com\/wp-content\/uploads\/2016\/10\/electric-plug_naranja.png\"> Larga vida \u00fatil<\/p>\n<p style=\"color: #212d42;\"><img decoding=\"async\" src=\"https:\/\/lightmoxion.com\/wp-content\/uploads\/2016\/10\/electric-plug_naranja.png\"> Garant\u00edas extendidas<\/p>\n<p style=\"color: #212d42;\"><img decoding=\"async\" src=\"https:\/\/lightmoxion.com\/wp-content\/uploads\/2016\/10\/electric-plug_naranja.png\"> L\u00e1mparas y luminarias con amplios rangos de voltaje<\/p>\n<p style=\"color: #212d42;\"><img decoding=\"async\" src=\"https:\/\/lightmoxion.com\/wp-content\/uploads\/2016\/10\/electric-plug_naranja.png\"> L\u00e1mparas y luminarias en cumplimiento con los est\u00e1ndares y normatividad vigente<\/p>\n<p style=\"color: #212d42;\"><img decoding=\"async\" src=\"https:\/\/lightmoxion.com\/wp-content\/uploads\/2016\/10\/electric-plug_naranja.png\"> Dise\u00f1o y sembrado en iluminaci\u00f3n en cumplimiento con los est\u00e1ndares y normatividad vigente<\/p>\n<p style=\"color: #212d42;\"><img decoding=\"async\" src=\"https:\/\/lightmoxion.com\/wp-content\/uploads\/2016\/10\/electric-plug_naranja.png\"> \u00d3ptima densidad de potencia en alumbrado (Watts \/ m2)<\/p>\n<p style=\"color: #212d42;\"><img decoding=\"async\" src=\"https:\/\/lightmoxion.com\/wp-content\/uploads\/2016\/10\/electric-plug_naranja.png\"> Menor depreciaci\u00f3n de flujos luminosos<\/p>\n<p style=\"color: #212d42;\"><img decoding=\"async\" src=\"https:\/\/lightmoxion.com\/wp-content\/uploads\/2016\/10\/electric-plug_naranja.png\"> Evitar deterioros y disturbios en la calidad de la energ\u00eda de la instalaci\u00f3n<\/p>\n<p style=\"color: #212d42;\"><img decoding=\"async\" src=\"https:\/\/lightmoxion.com\/wp-content\/uploads\/2016\/10\/electric-plug_naranja.png\"> Reducci\u00f3n de la huella de carbono<\/p>\n<p style=\"color: #212d42;\"><img decoding=\"async\" src=\"https:\/\/lightmoxion.com\/wp-content\/uploads\/2016\/10\/electric-plug_naranja.png\"> Reducci\u00f3n de residuos t\u00f3xicos<\/p>\n<p>[\/vc_column_text][\/vc_tta_section][\/vc_tta_accordion][\/vc_column][vc_column width=&#8221;1\/3&#8243;][vc_empty_space height=&#8221;59px&#8221;][vc_tta_accordion][vc_tta_section title=&#8221;Alumbrado P\u00fablico \/ Urbano&#8221; tab_id=&#8221;1476721953890-741414f1-2a69&#8243;][vc_column_text]<\/p>\n<p><img decoding=\"async\" loading=\"lazy\" class=\"alignnone wp-image-74475 size-medium\" src=\"https:\/\/lightmoxion.com\/wp-content\/uploads\/2015\/03\/result-300x169.png\" alt=\"result\" width=\"300\" height=\"169\"><\/p>\n<p>[\/vc_column_text][\/vc_tta_section][vc_tta_section title=&#8221;Leer m\u00e1s&#8221; tab_id=&#8221;1476721953894-77fe9af3-0d24&#8243;][vc_column_text]<\/p>\n<p style=\"color: #212d42;\"><img decoding=\"async\" src=\"https:\/\/lightmoxion.com\/wp-content\/uploads\/2016\/10\/electric-plug_naranja.png\"> Eficiencia energ\u00e9tica a trav\u00e9s de una reducci\u00f3n en carga el\u00e9ctrica, consumo el\u00e9ctrico y en consecuencia en el gasto asociado al insumo el\u00e9ctrico.<\/p>\n<p style=\"color: #212d42;\"><img decoding=\"async\" src=\"https:\/\/lightmoxion.com\/wp-content\/uploads\/2016\/10\/electric-plug_naranja.png\"> Bajo costo de operaci\u00f3n y mantenimiento<\/p>\n<p style=\"color: #212d42;\"><img decoding=\"async\" src=\"https:\/\/lightmoxion.com\/wp-content\/uploads\/2016\/10\/electric-plug_naranja.png\"> Larga vida \u00fatil<\/p>\n<p style=\"color: #212d42;\"><img decoding=\"async\" src=\"https:\/\/lightmoxion.com\/wp-content\/uploads\/2016\/10\/electric-plug_naranja.png\"> Garant\u00edas extendidas<\/p>\n<p style=\"color: #212d42;\"><img decoding=\"async\" src=\"https:\/\/lightmoxion.com\/wp-content\/uploads\/2016\/10\/electric-plug_naranja.png\"> L\u00e1mparas y luminarias con amplios rangos de voltaje<\/p>\n<p style=\"color: #212d42;\"><img decoding=\"async\" src=\"https:\/\/lightmoxion.com\/wp-content\/uploads\/2016\/10\/electric-plug_naranja.png\"> L\u00e1mparas y luminarias en cumplimiento con los est\u00e1ndares y normatividad vigente<\/p>\n<p style=\"color: #212d42;\"><img decoding=\"async\" src=\"https:\/\/lightmoxion.com\/wp-content\/uploads\/2016\/10\/electric-plug_naranja.png\"> Dise\u00f1o y sembrado en iluminaci\u00f3n en cumplimiento con los est\u00e1ndares y normatividad vigente<\/p>\n<p style=\"color: #212d42;\"><img decoding=\"async\" src=\"https:\/\/lightmoxion.com\/wp-content\/uploads\/2016\/10\/electric-plug_naranja.png\"> \u00d3ptima densidad de potencia en alumbrado (Watts \/ m2)<\/p>\n<p style=\"color: #212d42;\"><img decoding=\"async\" src=\"https:\/\/lightmoxion.com\/wp-content\/uploads\/2016\/10\/electric-plug_naranja.png\"> Menor depreciaci\u00f3n de flujos luminosos<\/p>\n<p style=\"color: #212d42;\"><img decoding=\"async\" src=\"https:\/\/lightmoxion.com\/wp-content\/uploads\/2016\/10\/electric-plug_naranja.png\"> Evitar deterioros y disturbios en la calidad de la energ\u00eda de la instalaci\u00f3n<\/p>\n<p style=\"color: #212d42;\"><img decoding=\"async\" src=\"https:\/\/lightmoxion.com\/wp-content\/uploads\/2016\/10\/electric-plug_naranja.png\"> Reducci\u00f3n de la huella de carbono<\/p>\n<p style=\"color: #212d42;\"><img decoding=\"async\" src=\"https:\/\/lightmoxion.com\/wp-content\/uploads\/2016\/10\/electric-plug_naranja.png\"> Reducci\u00f3n de residuos t\u00f3xicos<\/p>\n<p>[\/vc_column_text][\/vc_tta_section][\/vc_tta_accordion][\/vc_column][\/vc_row]<\/p>\n","protected":false},"excerpt":{"rendered":"<p>Are you experiencing worries about taking care of the perfect report coming up with service? Our essay freelance writers deal first-category remedies for you. Get university essay that you can buy around the internet [vc_row][vc_column][vc_column_text css=&#8221;.vc_custom_1476722272967{margin-bottom: 60px !important;}&#8221;] Nuestras soluciones comprenden los siguientes servicios y distintivos para los sectores industrial, comercial, residencial y de entretenimiento [&hellip;]<\/p>\n","protected":false},"author":1,"featured_media":0,"parent":0,"menu_order":0,"comment_status":"closed","ping_status":"closed","template":"","meta":[],"_links":{"self":[{"href":"https:\/\/lightmoxion.com\/index.php\/wp-json\/wp\/v2\/pages\/74489"}],"collection":[{"href":"https:\/\/lightmoxion.com\/index.php\/wp-json\/wp\/v2\/pages"}],"about":[{"href":"https:\/\/lightmoxion.com\/index.php\/wp-json\/wp\/v2\/types\/page"}],"author":[{"embeddable":true,"href":"https:\/\/lightmoxion.com\/index.php\/wp-json\/wp\/v2\/users\/1"}],"replies":[{"embeddable":true,"href":"https:\/\/lightmoxion.com\/index.php\/wp-json\/wp\/v2\/comments?post=74489"}],"version-history":[{"count":18,"href":"https:\/\/lightmoxion.com\/index.php\/wp-json\/wp\/v2\/pages\/74489\/revisions"}],"predecessor-version":[{"id":77674,"href":"https:\/\/lightmoxion.com\/index.php\/wp-json\/wp\/v2\/pages\/74489\/revisions\/77674"}],"wp:attachment":[{"href":"https:\/\/lightmoxion.com\/index.php\/wp-json\/wp\/v2\/media?parent=74489"}],"curies":[{"name":"wp","href":"https:\/\/api.w.org\/{rel}","templated":true}]}}