{"id":74499,"date":"2016-09-30T18:46:23","date_gmt":"2016-09-30T18:46:23","guid":{"rendered":"https:\/\/lightmoxion.com\/?page_id=74499"},"modified":"2019-09-23T20:04:26","modified_gmt":"2019-09-23T20:04:26","slug":"outsourcing-en-iluminacion","status":"publish","type":"page","link":"https:\/\/lightmoxion.com\/index.php\/outsourcing-en-iluminacion","title":{"rendered":"Outsourcing en iluminaci\u00f3n ahorros compartidos"},"content":{"rendered":"<p> Our skilled essay freelance writers will allow you out right on time. We can ensure that fast essay article writer techniques not only very fast and bang in time effort but in addition best suited and manipulated plan  <\/p>\n<p>[vc_row][vc_column][vc_row_inner][vc_column_inner width=&#8221;1\/4&#8243;][vc_single_image image=&#8221;259&#8243; img_size=&#8221;full&#8221;][vc_single_image image=&#8221;74553&#8243; img_size=&#8221;full&#8221;][\/vc_column_inner][vc_column_inner width=&#8221;3\/4&#8243;][vc_custom_heading text=&#8221;Outsourcing en iluminaci\u00f3n: Ahorros compartidos&#8221; font_container=&#8221;tag:h2|text_align:center|color:%23212d42&#8243; css=&#8221;.vc_custom_1475597150628{margin-top: 50px !important;}&#8221;][\/vc_column_inner][\/vc_row_inner][vc_column_text css=&#8221;.vc_custom_1478542080995{margin-top: 50px !important;}&#8221;]<\/p>\n<p style=\"text-align: justify;\"><span style=\"color: #212d42;\">Un proyecto de Outsourcing de Iluminaci\u00f3n tiene la finalidad de permitir al cliente la incorporaci\u00f3n de tecnolog\u00eda de punta, lo que se traduce en una reducci\u00f3n considerable en su consumo el\u00e9ctrico en iluminaci\u00f3n al mismo tiempo en una mejora visible en los niveles de iluminaci\u00f3n, as\u00ed como la eliminaci\u00f3n de gastos asociados a la manutenci\u00f3n, y todo ello sin la necesidad de realizar una inversi\u00f3n en activos.<\/span><\/p>\n<p>[\/vc_column_text][\/vc_column][\/vc_row][vc_row css=&#8221;.vc_custom_1475510383377{margin-top: 20px !important;}&#8221;][vc_column][vc_single_image image=&#8221;74734&#8243; img_size=&#8221;full&#8221; alignment=&#8221;center&#8221;][vc_row_inner][vc_column_inner width=&#8221;1\/2&#8243;][vc_custom_heading text=&#8221;Lamparas de aditivo met\u00e1lico de 400 Watts&#8221; font_container=&#8221;tag:h4|text_align:center|color:%23212d42&#8243; use_theme_fonts=&#8221;yes&#8221;][\/vc_column_inner][vc_column_inner width=&#8221;1\/2&#8243;][vc_custom_heading text=&#8221;Campanas led de 150 Watts en 4100 Kelvin&#8221; font_container=&#8221;tag:h4|text_align:center|color:%23212d42&#8243; use_theme_fonts=&#8221;yes&#8221;][\/vc_column_inner][\/vc_row_inner][vc_column_text css=&#8221;.vc_custom_1478542477268{margin-top: 50px !important;}&#8221;]<\/p>\n<p style=\"text-align: justify;\"><span style=\"color: #212d42;\">Las <strong><u>premisas<\/u><\/strong> sobre las cuales se dise\u00f1a un proyecto de estas caracter\u00edsticas son:<\/span><\/p>\n<p style=\"text-align: justify;\"><span style=\"color: #212d42;\">&#x2611;\u00a0Lightmoxion realiza el reemplazo de luminarias con sus propios recursos t\u00e9cnicos y financieros<\/span><\/p>\n<p style=\"text-align: justify;\"><span style=\"color: #212d42;\">&#x2611;\u00a0De los ahorros generados, Lightmoxion conserva una proporci\u00f3n y el cliente otra<\/span><\/p>\n<p style=\"text-align: justify;\"><span style=\"color: #212d42;\">&#x2611;\u00a0Se define una duraci\u00f3n espec\u00edfica del contrato<\/span><\/p>\n<p style=\"text-align: justify;\"><span style=\"color: #212d42;\">&#x2611;\u00a0Lightmoxion es responsable del mantenimiento correctivo durante la vida del contrato, manteniendo un inventario de repuesto en sitio para atender cualquier incidente<\/span><\/p>\n<p style=\"text-align: justify;\"><span style=\"color: #212d42;\">&#x2611;\u00a0Al final del contrato, el cliente conserva las luminarias instaladas as\u00ed como el inventario de repuesto por un valor residual<\/span><\/p>\n<p><p><strong><span style=\"color: #212d42;\">El primer paso en la evaluaci\u00f3n de un proyecto de Outsourcing en Iluminaci\u00f3n es la elaboraci\u00f3n del Caso base, para la cual se realizan las siguientes acciones:<\/span><\/strong><\/p>\n<p><span style=\"color: #212d42;\">1. Recorrido general de reconocimiento de las instalaciones en materia de iluminaci\u00f3n<\/span><\/p>\n<p><span style=\"color: #212d42;\">2. Validaci\u00f3n en sitio de la siguiente informaci\u00f3n:<\/span><\/p>\n<p><span style=\"color: #212d42;\"><img decoding=\"async\" src=\"https:\/\/lightmoxion.com\/wp-content\/uploads\/2016\/10\/rounded-plug.png\"> Tipo de l\u00e1mpara y\u00a0 luminario<\/span><\/p>\n<p><span style=\"color: #212d42;\"><img decoding=\"async\" src=\"https:\/\/lightmoxion.com\/wp-content\/uploads\/2016\/10\/rounded-plug.png\"> Evaluaci\u00f3n del estado f\u00edsico del luminario e instalaci\u00f3n<\/span><\/p>\n<p><span style=\"color: #212d42;\"><img decoding=\"async\" src=\"https:\/\/lightmoxion.com\/wp-content\/uploads\/2016\/10\/rounded-plug.png\"> Validaci\u00f3n de las horas de operaci\u00f3n del sistema de iluminaci\u00f3n<\/span><\/p>\n<p><span style=\"color: #212d42;\"><img decoding=\"async\" src=\"https:\/\/lightmoxion.com\/wp-content\/uploads\/2016\/10\/rounded-plug.png\"> Validaci\u00f3n del gasto asociado a su operaci\u00f3n (Reemplazos y Mano de Obra) del sistema de iluminaci\u00f3n<\/span><\/p>\n<p><span style=\"color: #212d42;\"><img decoding=\"async\" src=\"https:\/\/lightmoxion.com\/wp-content\/uploads\/2016\/10\/rounded-plug.png\"> An\u00e1lisis de Informaci\u00f3n<\/span><\/p>\n<p><span style=\"color: #212d42;\"><img decoding=\"async\" src=\"https:\/\/lightmoxion.com\/wp-content\/uploads\/2016\/10\/rounded-plug.png\"> Consumo y carga el\u00e9ctrica actual vs consumo y carga el\u00e9ctrica posterior<\/span><\/p>\n<p><span style=\"color: #212d42;\"><img decoding=\"async\" src=\"https:\/\/lightmoxion.com\/wp-content\/uploads\/2016\/10\/rounded-plug.png\"> Gasto actual vs gasto posterior<\/span><\/p>\n<p>[\/vc_column_text][\/vc_column][\/vc_row][vc_row][vc_column][vc_column_text]<\/p>\n<p>&nbsp;<\/p>\n<p>[\/vc_column_text][\/vc_column][\/vc_row][vc_row css=&#8221;.vc_custom_1476377921074{margin-top: 50px !important;}&#8221;][vc_column width=&#8221;1\/4&#8243;][vc_single_image image=&#8221;74663&#8243; img_size=&#8221;full&#8221; alignment=&#8221;center&#8221;][\/vc_column][vc_column width=&#8221;1\/4&#8243;][vc_single_image image=&#8221;74664&#8243; img_size=&#8221;full&#8221; alignment=&#8221;center&#8221;][\/vc_column][vc_column width=&#8221;1\/4&#8243;][vc_single_image image=&#8221;74665&#8243; img_size=&#8221;full&#8221; alignment=&#8221;center&#8221;][\/vc_column][vc_column width=&#8221;1\/4&#8243;][vc_single_image image=&#8221;74666&#8243; img_size=&#8221;full&#8221; alignment=&#8221;center&#8221;][\/vc_column][\/vc_row][vc_row css=&#8221;.vc_custom_1476377944026{margin-top: 10px !important;}&#8221;][vc_column width=&#8221;1\/4&#8243;][vc_custom_heading text=&#8221;Evaluaci\u00f3n (Anteproyecto)<br \/>&#8221; font_container=&#8221;tag:h5|text_align:center|color:%23212d42&#8243; use_theme_fonts=&#8221;yes&#8221;][vc_separator align=&#8221;align_left&#8221; border_width=&#8221;3&#8243; color=&#8221;custom&#8221; accent_color=&#8221;#ff9933&#8243;][vc_column_text css=&#8221;.vc_custom_1476725623696{margin-top: 10px !important;}&#8221;]<\/p>\n<p style=\"text-align: justify;\"><span style=\"color: #212d42;\"><b><img decoding=\"async\" src=\"https:\/\/lightmoxion.com\/wp-content\/uploads\/2016\/10\/plug-silhouette_azul.png\"> Obtenci\u00f3n de informaci\u00f3n por parte del cliente:<\/b><\/span><\/p>\n<ul style=\"text-align: justify;\">\n<li><span style=\"color: #212d42;\">Inventario de luminarias<\/span><\/li>\n<li><span style=\"color: #212d42;\">Horas de operaci\u00f3n<\/span><\/li>\n<li><span style=\"color: #212d42;\">Gastos de manutenci\u00f3n<\/span><\/li>\n<li><span style=\"color: #212d42;\">Planos actualizados<\/span><\/li>\n<\/ul>\n<p style=\"text-align: justify;\"><span style=\"color: #212d42;\"><b> <img decoding=\"async\" src=\"https:\/\/lightmoxion.com\/wp-content\/uploads\/2016\/10\/plug-silhouette_azul.png\"> Recorrido de la instalaci\u00f3n<\/b><\/span><\/p>\n<ul>\n<li><span style=\"color: #212d42;\">Valoraci\u00f3n de la complejidad<\/span><\/li>\n<li><span style=\"color: #212d42;\">Inspecci\u00f3n visual de la instalaci\u00f3n<\/span><\/li>\n<\/ul>\n<p><span style=\"color: #ffb600;\"><strong><img decoding=\"async\" src=\"https:\/\/lightmoxion.com\/wp-content\/uploads\/2016\/10\/plug-silhouette_naranja.png\"> Celebraci\u00f3n Carta de Intenci\u00f3n<\/strong><\/span><\/p>\n<p><span style=\"color: #ffb600;\"><strong><img decoding=\"async\" src=\"https:\/\/lightmoxion.com\/wp-content\/uploads\/2016\/10\/plug-silhouette_naranja.png\"> Celebraci\u00f3n de Convenios de Confidencialidad<\/strong><\/span><\/p>\n<p>[\/vc_column_text][\/vc_column][vc_column width=&#8221;1\/4&#8243;][vc_custom_heading text=&#8221;Dise\u00f1o Soluci\u00f3n&#8221; font_container=&#8221;tag:h5|text_align:center|color:%23212d42&#8243; use_theme_fonts=&#8221;yes&#8221;][vc_separator align=&#8221;align_left&#8221; border_width=&#8221;3&#8243; color=&#8221;custom&#8221; accent_color=&#8221;#ff9933&#8243;][vc_column_text css=&#8221;.vc_custom_1476727055531{margin-top: 10px !important;}&#8221;]<\/p>\n<p><span style=\"color: #212d42;\"><b><img decoding=\"async\" src=\"https:\/\/lightmoxion.com\/wp-content\/uploads\/2016\/10\/plug-silhouette_azul.png\"> Elaboraci\u00f3n del caso base:<\/b><\/span><\/p>\n<ul>\n<li><span style=\"color: #212d42;\">Selecci\u00f3n de Tecnolog\u00eda a emplear<\/span><\/li>\n<li><span style=\"color: #212d42;\">Simulaciones en Dialux<\/span><\/li>\n<li><span style=\"color: #212d42;\">Aplicaci\u00f3n de normatividad (Niveles de iluminaci\u00f3n y densidades de potencia, caracter\u00edsticas de luminarias)<\/span><\/li>\n<li><span style=\"color: #212d42;\">C\u00e1lculo de ahorros potenciales<\/span><\/li>\n<li><span style=\"color: #212d42;\">Asignaci\u00f3n de porcentaje de ahorro a las partes<\/span><\/li>\n<li><span style=\"color: #212d42;\">Definici\u00f3n del periodo del contrato<\/span><\/li>\n<li><span style=\"color: #212d42;\">Elaboraci\u00f3n del Cronograma General de suministro e instalaci\u00f3n<\/span><\/li>\n<li><span style=\"color: #212d42;\">Presentaci\u00f3n de propuesta formal<\/span><\/li>\n<\/ul>\n<p><span style=\"color: #ffb600;\"><img decoding=\"async\" src=\"https:\/\/lightmoxion.com\/wp-content\/uploads\/2016\/10\/plug-silhouette_naranja.png\"> <strong>Celebraci\u00f3n del contrato<\/strong><\/span><\/p>\n<p>[\/vc_column_text][\/vc_column][vc_column width=&#8221;1\/4&#8243;][vc_custom_heading text=&#8221;Instalaci\u00f3n y puesta en operaci\u00f3n<br \/>&#8221; font_container=&#8221;tag:h5|text_align:center|color:%23212d42&#8243; use_theme_fonts=&#8221;yes&#8221;][vc_separator align=&#8221;align_left&#8221; border_width=&#8221;3&#8243; color=&#8221;custom&#8221; accent_color=&#8221;#ff9933&#8243;][vc_column_text css=&#8221;.vc_custom_1476727086069{margin-top: 10px !important;}&#8221;]<\/p>\n<p><span style=\"color: #212d42;\"><strong><img decoding=\"async\" src=\"https:\/\/lightmoxion.com\/wp-content\/uploads\/2016\/10\/plug-silhouette_azul.png\"> Instalaci\u00f3n en coordinaci\u00f3n con el cliente.<\/strong><\/span><\/p>\n<p><span style=\"color: #212d42;\"><img decoding=\"async\" src=\"https:\/\/lightmoxion.com\/wp-content\/uploads\/2016\/10\/plug-silhouette_azul.png\"> Apego a normas de seguridad e higiene del cliente.<\/span><\/p>\n<p><span style=\"color: #ffb600;\"><img decoding=\"async\" src=\"https:\/\/lightmoxion.com\/wp-content\/uploads\/2016\/10\/plug-silhouette_naranja.png\"> <strong>Celebraci\u00f3n de Actas de Entrega<\/strong><\/span><\/p>\n<p>[\/vc_column_text][\/vc_column][vc_column width=&#8221;1\/4&#8243;][vc_custom_heading text=&#8221;Mantenimiento Correctivo<br \/>&#8221; font_container=&#8221;tag:h5|text_align:center|color:%23212d42&#8243; use_theme_fonts=&#8221;yes&#8221;][vc_separator align=&#8221;align_left&#8221; border_width=&#8221;3&#8243; color=&#8221;custom&#8221; accent_color=&#8221;#ff9933&#8243;][vc_column_text css=&#8221;.vc_custom_1476724276424{margin-top: 10px !important;}&#8221;]<\/p>\n<p><span style=\"color: #212d42;\"><strong><img decoding=\"async\" src=\"https:\/\/lightmoxion.com\/wp-content\/uploads\/2016\/10\/plug-silhouette_azul.png\"> Administraci\u00f3n de garant\u00edas e inventario para la atenci\u00f3n de incidentes<\/strong><\/span><\/p>\n<p><span style=\"color: #212d42;\"><img decoding=\"async\" src=\"https:\/\/lightmoxion.com\/wp-content\/uploads\/2016\/10\/plug-silhouette_azul.png\"> Capacitaci\u00f3n a personal de mantenimiento<\/span><\/p>\n<p>[\/vc_column_text][\/vc_column][\/vc_row][vc_row][vc_column][\/vc_column][\/vc_row]<\/p>\n<p> Your essays are going to be handled by specialized formulating specialist industry experts &#8211; our authors, leaders in literally your industry of learning with several years of valuable experience  <\/p>\n","protected":false},"excerpt":{"rendered":"<p>Our skilled essay freelance writers will allow you out right on time. We can ensure that fast essay article writer techniques not only very fast and bang in time effort but in addition best suited and manipulated plan [vc_row][vc_column][vc_row_inner][vc_column_inner width=&#8221;1\/4&#8243;][vc_single_image image=&#8221;259&#8243; img_size=&#8221;full&#8221;][vc_single_image image=&#8221;74553&#8243; img_size=&#8221;full&#8221;][\/vc_column_inner][vc_column_inner width=&#8221;3\/4&#8243;][vc_custom_heading text=&#8221;Outsourcing en iluminaci\u00f3n: Ahorros compartidos&#8221; font_container=&#8221;tag:h2|text_align:center|color:%23212d42&#8243; css=&#8221;.vc_custom_1475597150628{margin-top: 50px !important;}&#8221;][\/vc_column_inner][\/vc_row_inner][vc_column_text css=&#8221;.vc_custom_1478542080995{margin-top: [&hellip;]<\/p>\n","protected":false},"author":1,"featured_media":0,"parent":0,"menu_order":0,"comment_status":"closed","ping_status":"closed","template":"","meta":[],"_links":{"self":[{"href":"https:\/\/lightmoxion.com\/index.php\/wp-json\/wp\/v2\/pages\/74499"}],"collection":[{"href":"https:\/\/lightmoxion.com\/index.php\/wp-json\/wp\/v2\/pages"}],"about":[{"href":"https:\/\/lightmoxion.com\/index.php\/wp-json\/wp\/v2\/types\/page"}],"author":[{"embeddable":true,"href":"https:\/\/lightmoxion.com\/index.php\/wp-json\/wp\/v2\/users\/1"}],"replies":[{"embeddable":true,"href":"https:\/\/lightmoxion.com\/index.php\/wp-json\/wp\/v2\/comments?post=74499"}],"version-history":[{"count":56,"href":"https:\/\/lightmoxion.com\/index.php\/wp-json\/wp\/v2\/pages\/74499\/revisions"}],"predecessor-version":[{"id":77675,"href":"https:\/\/lightmoxion.com\/index.php\/wp-json\/wp\/v2\/pages\/74499\/revisions\/77675"}],"wp:attachment":[{"href":"https:\/\/lightmoxion.com\/index.php\/wp-json\/wp\/v2\/media?parent=74499"}],"curies":[{"name":"wp","href":"https:\/\/api.w.org\/{rel}","templated":true}]}}